{"id":48,"date":"2024-02-17T13:33:08","date_gmt":"2024-02-17T12:33:08","guid":{"rendered":"https:\/\/addivio.com\/services\/"},"modified":"2026-01-25T14:50:24","modified_gmt":"2026-01-25T13:50:24","slug":"tjanster","status":"publish","type":"page","link":"https:\/\/addivio.com\/en\/tjanster\/","title":{"rendered":"Tj\u00e4nster"},"content":{"rendered":"<div data-elementor-type=\"wp-page\" data-elementor-id=\"48\" class=\"elementor elementor-48\" data-elementor-post-type=\"page\">\n\t\t\t\t<div class=\"elementor-element elementor-element-35d52562 e-flex e-con-boxed e-con e-parent\" data-id=\"35d52562\" data-element_type=\"container\" data-e-type=\"container\" data-settings=\"{&quot;background_background&quot;:&quot;classic&quot;}\">\n\t\t\t\t\t<div class=\"e-con-inner\">\n\t\t\t\t<div class=\"elementor-element elementor-element-24a0b1c4 elementor-invisible elementor-widget elementor-widget-heading\" data-id=\"24a0b1c4\" data-element_type=\"widget\" data-e-type=\"widget\" data-settings=\"{&quot;_animation&quot;:&quot;fadeIn&quot;}\" data-widget_type=\"heading.default\">\n\t\t\t\t<div class=\"elementor-widget-container\">\n\t\t\t\t\t<h1 class=\"elementor-heading-title elementor-size-default\">V\u00e5ra tj\u00e4nster<\/h1>\t\t\t\t<\/div>\n\t\t\t\t<\/div>\n\t\t\t\t<div class=\"elementor-element elementor-element-8ee9d2 elementor-fixed animated-slow elementor-hidden-mobile elementor-view-default elementor-invisible elementor-widget elementor-widget-icon\" data-id=\"8ee9d2\" data-element_type=\"widget\" data-e-type=\"widget\" data-settings=\"{&quot;_position&quot;:&quot;fixed&quot;,&quot;_animation&quot;:&quot;fadeIn&quot;,&quot;_animation_delay&quot;:1800}\" data-widget_type=\"icon.default\">\n\t\t\t\t<div class=\"elementor-widget-container\">\n\t\t\t\t\t\t\t<div class=\"elementor-icon-wrapper\">\n\t\t\t<a class=\"elementor-icon elementor-animation-grow\" href=\"https:\/\/addivio.com\/en\/kontakt\/\">\n\t\t\t<svg xmlns=\"http:\/\/www.w3.org\/2000\/svg\" viewbox=\"0 0 70 70\"><path fill-rule=\"evenodd\" clip-rule=\"evenodd\" d=\"M27.862 29.5h14.786c.752 0 1.362.61 1.362 1.362v.361l-8.909 3.62-8.601-3.494v-.487c0-.752.61-1.362 1.362-1.362ZM26.5 32.968v7.17c0 .752.61 1.362 1.362 1.362h14.786c.752 0 1.362-.61 1.362-1.362v-7.296l-8.627 3.505-.282.115-.282-.115-8.319-3.38ZM25 30.862A2.862 2.862 0 0 1 27.862 28h14.786a2.862 2.862 0 0 1 2.862 2.862v9.276A2.862 2.862 0 0 1 42.648 43H27.862A2.862 2.862 0 0 1 25 40.138v-9.276Z\"><\/path><\/svg>\t\t\t<\/a>\n\t\t<\/div>\n\t\t\t\t\t\t<\/div>\n\t\t\t\t<\/div>\n\t\t\t\t\t<\/div>\n\t\t\t\t<\/div>\n\t\t<div class=\"elementor-element elementor-element-64ee3853 e-flex e-con-boxed e-con e-parent\" data-id=\"64ee3853\" data-element_type=\"container\" data-e-type=\"container\">\n\t\t\t\t\t<div class=\"e-con-inner\">\n\t\t<div class=\"elementor-element elementor-element-f7f126e e-con-full e-flex elementor-invisible e-con e-child\" data-id=\"f7f126e\" data-element_type=\"container\" data-e-type=\"container\" data-settings=\"{&quot;animation&quot;:&quot;slideInUp&quot;,&quot;background_background&quot;:&quot;classic&quot;}\">\n\t\t<div class=\"elementor-element elementor-element-5ce5d76e e-con-full e-flex e-con e-child\" data-id=\"5ce5d76e\" data-element_type=\"container\" data-e-type=\"container\">\n\t\t\t\t<div class=\"elementor-element elementor-element-7a0beb74 elementor-position-inline-start elementor-mobile-position-inline-start elementor-view-default elementor-widget elementor-widget-icon-box\" data-id=\"7a0beb74\" data-element_type=\"widget\" data-e-type=\"widget\" data-widget_type=\"icon-box.default\">\n\t\t\t\t<div class=\"elementor-widget-container\">\n\t\t\t\t\t\t\t<div class=\"elementor-icon-box-wrapper\">\n\n\t\t\t\t\t\t<div class=\"elementor-icon-box-icon\">\n\t\t\t\t<span  class=\"elementor-icon\">\n\t\t\t\t<svg xmlns=\"http:\/\/www.w3.org\/2000\/svg\" viewbox=\"0 0 49 50\"><path d=\"M16.333 9.398H0V50h16.333V9.398Z\" fill=\"#181818\"><\/path><path d=\"M32.666 9.398H16.333V50h16.333V9.398Z\"><\/path><path d=\"M49 0H32.665v40.602h16.333V0Z\" fill=\"#181818\"><\/path><\/svg>\t\t\t\t<\/span>\n\t\t\t<\/div>\n\t\t\t\n\t\t\t\t\t\t<div class=\"elementor-icon-box-content\">\n\n\t\t\t\t\t\t\t\t\t<h3 class=\"elementor-icon-box-title\">\n\t\t\t\t\t\t<span  >\n\t\t\t\t\t\t\tIT Ansvar &amp; Strategi\t\t\t\t\t\t<\/span>\n\t\t\t\t\t<\/h3>\n\t\t\t\t\n\t\t\t\t\n\t\t\t<\/div>\n\t\t\t\n\t\t<\/div>\n\t\t\t\t\t\t<\/div>\n\t\t\t\t<\/div>\n\t\t\t\t<div class=\"elementor-element elementor-element-b8a4964 elementor-widget elementor-widget-text-editor\" data-id=\"b8a4964\" data-element_type=\"widget\" data-e-type=\"widget\" data-widget_type=\"text-editor.default\">\n\t\t\t\t<div class=\"elementor-widget-container\">\n\t\t\t\t\t\t\t\t\t<div><p>Med v\u00e5ra tj\u00e4nster inom \u201dIT Ansvar &amp; Strategi&#8221; kan ditt f\u00f6retag outsourca IT-ansvaret och f\u00e5 professionell hantering av er IT-milj\u00f6 inom en fast budget. Vi hj\u00e4lper er att fatta strategiska IT-beslut, optimera kostnader genom noggrann analys och identifiering av besparingsm\u00f6jligheter.<\/p><p>Vi erbjuder snabb incidenthantering f\u00f6r minimal driftst\u00f6rning och robusta s\u00e4kerhets\u00e5tg\u00e4rder f\u00f6r att skydda er IT-milj\u00f6. Genom effektiv koordinering och kommunikation f\u00f6rb\u00e4ttrar vi arbetsfl\u00f6den och s\u00e4kerst\u00e4ller att era IT-ink\u00f6p \u00e4r kostnadseffektiva och strategiskt f\u00f6rdelaktiga.<\/p><\/div><ul><li>St\u00e5r ditt f\u00f6retag inf\u00f6r viktiga IT-beslut men saknar expertisen f\u00f6r att fatta de b\u00e4sta strategiska besluten?<\/li><li>Vill du optimera dina IT-kostnader utan att kompromissa p\u00e5 kvalitet och prestanda?<\/li><li>\u00c4r ditt f\u00f6retag f\u00f6rberett p\u00e5 att hantera ov\u00e4ntade IT-incidenter effektivt och snabbt?<\/li><li>\u00c4r du s\u00e4ker p\u00e5 att ditt f\u00f6retags data och IT-infrastruktur \u00e4r tillr\u00e4ckligt skyddade mot moderna cyberhot?<\/li><li>Beh\u00f6ver du f\u00f6rb\u00e4ttra samordningen och kommunikationen inom ditt IT-team f\u00f6r att \u00f6ka effektiviteten?<\/li><li>Letar du efter expertr\u00e5d f\u00f6r att optimera ditt f\u00f6retags IT-budget och ink\u00f6p?<\/li><\/ul>\t\t\t\t\t\t\t\t<\/div>\n\t\t\t\t<\/div>\n\t\t\t\t<div class=\"elementor-element elementor-element-c195790 elementor-align-justify elementor-widget__width-initial elementor-invisible elementor-widget elementor-widget-button\" data-id=\"c195790\" data-element_type=\"widget\" data-e-type=\"widget\" data-settings=\"{&quot;_animation&quot;:&quot;fadeIn&quot;,&quot;_animation_delay&quot;:450}\" data-widget_type=\"button.default\">\n\t\t\t\t<div class=\"elementor-widget-container\">\n\t\t\t\t\t\t\t\t\t<div class=\"elementor-button-wrapper\">\n\t\t\t\t\t<a class=\"elementor-button elementor-button-link elementor-size-sm\" href=\"https:\/\/addivio.com\/en\/kontakt\/\">\n\t\t\t\t\t\t<span class=\"elementor-button-content-wrapper\">\n\t\t\t\t\t\t\t\t\t<span class=\"elementor-button-text\">Boka m\u00f6te<\/span>\n\t\t\t\t\t<\/span>\n\t\t\t\t\t<\/a>\n\t\t\t\t<\/div>\n\t\t\t\t\t\t\t\t<\/div>\n\t\t\t\t<\/div>\n\t\t\t\t<\/div>\n\t\t<div class=\"elementor-element elementor-element-3f5dbf71 e-con-full e-flex e-con e-child\" data-id=\"3f5dbf71\" data-element_type=\"container\" data-e-type=\"container\" data-settings=\"{&quot;background_background&quot;:&quot;classic&quot;}\">\n\t\t\t\t<\/div>\n\t\t\t\t<\/div>\n\t\t<div class=\"elementor-element elementor-element-328ca0ac e-con-full e-flex elementor-invisible e-con e-child\" data-id=\"328ca0ac\" data-element_type=\"container\" data-e-type=\"container\" data-settings=\"{&quot;animation&quot;:&quot;slideInUp&quot;,&quot;background_background&quot;:&quot;classic&quot;,&quot;animation_delay&quot;:600}\">\n\t\t<div class=\"elementor-element elementor-element-6056c8b7 e-con-full e-flex e-con e-child\" data-id=\"6056c8b7\" data-element_type=\"container\" data-e-type=\"container\">\n\t\t\t\t<div class=\"elementor-element elementor-element-19712006 elementor-position-inline-start elementor-mobile-position-inline-start elementor-view-default elementor-widget elementor-widget-icon-box\" data-id=\"19712006\" data-element_type=\"widget\" data-e-type=\"widget\" data-widget_type=\"icon-box.default\">\n\t\t\t\t<div class=\"elementor-widget-container\">\n\t\t\t\t\t\t\t<div class=\"elementor-icon-box-wrapper\">\n\n\t\t\t\t\t\t<div class=\"elementor-icon-box-icon\">\n\t\t\t\t<span  class=\"elementor-icon\">\n\t\t\t\t<svg aria-hidden=\"true\" class=\"e-font-icon-svg e-fas-angle-double-right\" viewbox=\"0 0 448 512\" xmlns=\"http:\/\/www.w3.org\/2000\/svg\"><path d=\"M224.3 273l-136 136c-9.4 9.4-24.6 9.4-33.9 0l-22.6-22.6c-9.4-9.4-9.4-24.6 0-33.9l96.4-96.4-96.4-96.4c-9.4-9.4-9.4-24.6 0-33.9L54.3 103c9.4-9.4 24.6-9.4 33.9 0l136 136c9.5 9.4 9.5 24.6.1 34zm192-34l-136-136c-9.4-9.4-24.6-9.4-33.9 0l-22.6 22.6c-9.4 9.4-9.4 24.6 0 33.9l96.4 96.4-96.4 96.4c-9.4 9.4-9.4 24.6 0 33.9l22.6 22.6c9.4 9.4 24.6 9.4 33.9 0l136-136c9.4-9.2 9.4-24.4 0-33.8z\"><\/path><\/svg>\t\t\t\t<\/span>\n\t\t\t<\/div>\n\t\t\t\n\t\t\t\t\t\t<div class=\"elementor-icon-box-content\">\n\n\t\t\t\t\t\t\t\t\t<h3 class=\"elementor-icon-box-title\">\n\t\t\t\t\t\t<span  >\n\t\t\t\t\t\t\tAutomatisering\t\t\t\t\t\t<\/span>\n\t\t\t\t\t<\/h3>\n\t\t\t\t\n\t\t\t\t\n\t\t\t<\/div>\n\t\t\t\n\t\t<\/div>\n\t\t\t\t\t\t<\/div>\n\t\t\t\t<\/div>\n\t\t\t\t<div class=\"elementor-element elementor-element-312206d elementor-widget elementor-widget-text-editor\" data-id=\"312206d\" data-element_type=\"widget\" data-e-type=\"widget\" data-widget_type=\"text-editor.default\">\n\t\t\t\t<div class=\"elementor-widget-container\">\n\t\t\t\t\t\t\t\t\t<p>Vi bygger skr\u00e4ddarsydda l\u00f6sningar direkt i <strong data-start=\"317\" data-end=\"341\">Microsoft 365-milj\u00f6n<\/strong>, d\u00e4r vi anv\u00e4nder <strong data-start=\"359\" data-end=\"373\">SharePoint<\/strong> som plattform och <strong data-start=\"392\" data-end=\"410\">Power Automate<\/strong> f\u00f6r att automatisera arbetsfl\u00f6den och processer. Det ger er smartare hantering av verksamhetskritiska uppgifter \u2013 helt anpassat efter era behov.<\/p><p>V\u00e5ra l\u00f6sningar \u00e4r inte bara mer kostnadseffektiva j\u00e4mf\u00f6rt med traditionella mjukvaror, utan de erbjuder ocks\u00e5 en h\u00f6g grad av skalbarhet och integration inom Microsoft 365.<\/p><p>Vi kallar detta l\u00e4ttvikts utveckling<\/p><ul><li>Letar du efter en anv\u00e4ndarv\u00e4nlig och anpassningsbar plattform f\u00f6r kommunikation och samarbete?<\/li><li>Vill du effektivisera och f\u00f6rb\u00e4ttra din HR- och onboarding-process med en centraliserad digital l\u00f6sning?<\/li><li>Beh\u00f6ver ditt f\u00f6retag en robust l\u00f6sning f\u00f6r att hantera kvalitetsstyrningssystem och uppfylla ISO-krav?<\/li><li>S\u00f6ker du en skalbar och interaktiv plattform f\u00f6r att hantera och leverera intern utbildning?<\/li><li>Har du sv\u00e5rt att h\u00e5lla koll p\u00e5 alla avtal och licenser i ditt f\u00f6retag och beh\u00f6ver en effektiv hanteringsl\u00f6sning?<\/li><\/ul>\t\t\t\t\t\t\t\t<\/div>\n\t\t\t\t<\/div>\n\t\t\t\t<div class=\"elementor-element elementor-element-3dca43a elementor-align-justify elementor-widget__width-initial elementor-invisible elementor-widget elementor-widget-button\" data-id=\"3dca43a\" data-element_type=\"widget\" data-e-type=\"widget\" data-settings=\"{&quot;_animation&quot;:&quot;fadeIn&quot;,&quot;_animation_delay&quot;:450}\" data-widget_type=\"button.default\">\n\t\t\t\t<div class=\"elementor-widget-container\">\n\t\t\t\t\t\t\t\t\t<div class=\"elementor-button-wrapper\">\n\t\t\t\t\t<a class=\"elementor-button elementor-button-link elementor-size-sm\" href=\"https:\/\/addivio.com\/en\/kontakt\/\">\n\t\t\t\t\t\t<span class=\"elementor-button-content-wrapper\">\n\t\t\t\t\t\t\t\t\t<span class=\"elementor-button-text\">boka m\u00f6te<\/span>\n\t\t\t\t\t<\/span>\n\t\t\t\t\t<\/a>\n\t\t\t\t<\/div>\n\t\t\t\t\t\t\t\t<\/div>\n\t\t\t\t<\/div>\n\t\t\t\t<\/div>\n\t\t<div class=\"elementor-element elementor-element-6634c41 e-con-full e-flex e-con e-child\" data-id=\"6634c41\" data-element_type=\"container\" data-e-type=\"container\" data-settings=\"{&quot;background_background&quot;:&quot;classic&quot;}\">\n\t\t\t\t<\/div>\n\t\t\t\t<\/div>\n\t\t\t\t\t<\/div>\n\t\t\t\t<\/div>\n\t\t\t\t<\/div>","protected":false},"excerpt":{"rendered":"<p>V\u00e5ra tj\u00e4nster IT Ansvar &amp; Strategi Med v\u00e5ra tj\u00e4nster inom \u201dIT Ansvar &amp; Strategi&#8221; kan ditt f\u00f6retag outsourca IT-ansvaret och f\u00e5 professionell hantering av er IT-milj\u00f6 inom en fast budget. Vi hj\u00e4lper er att fatta strategiska IT-beslut, optimera kostnader genom noggrann analys och identifiering av besparingsm\u00f6jligheter. Vi erbjuder snabb incidenthantering f\u00f6r minimal driftst\u00f6rning och robusta [&hellip;]<\/p>\n","protected":false},"author":1,"featured_media":0,"parent":0,"menu_order":0,"comment_status":"closed","ping_status":"closed","template":"elementor_header_footer","meta":{"footnotes":""},"class_list":["post-48","page","type-page","status-publish","hentry"],"_links":{"self":[{"href":"https:\/\/addivio.com\/en\/wp-json\/wp\/v2\/pages\/48","targetHints":{"allow":["GET"]}}],"collection":[{"href":"https:\/\/addivio.com\/en\/wp-json\/wp\/v2\/pages"}],"about":[{"href":"https:\/\/addivio.com\/en\/wp-json\/wp\/v2\/types\/page"}],"author":[{"embeddable":true,"href":"https:\/\/addivio.com\/en\/wp-json\/wp\/v2\/users\/1"}],"replies":[{"embeddable":true,"href":"https:\/\/addivio.com\/en\/wp-json\/wp\/v2\/comments?post=48"}],"version-history":[{"count":68,"href":"https:\/\/addivio.com\/en\/wp-json\/wp\/v2\/pages\/48\/revisions"}],"predecessor-version":[{"id":695,"href":"https:\/\/addivio.com\/en\/wp-json\/wp\/v2\/pages\/48\/revisions\/695"}],"wp:attachment":[{"href":"https:\/\/addivio.com\/en\/wp-json\/wp\/v2\/media?parent=48"}],"curies":[{"name":"wp","href":"https:\/\/api.w.org\/{rel}","templated":true}]}}